{"id":760,"date":"2026-04-15T15:21:41","date_gmt":"2026-04-15T13:21:41","guid":{"rendered":"https:\/\/westcore.pl\/?post_type=product&#038;p=760"},"modified":"2026-04-15T15:31:53","modified_gmt":"2026-04-15T13:31:53","slug":"inwerter-fotowoltaiczny-huawei-sun2000-50ktl-m0","status":"publish","type":"product","link":"https:\/\/westcore.pl\/index.php\/produkt\/inwerter-fotowoltaiczny-huawei-sun2000-50ktl-m0\/","title":{"rendered":"Inwerter fotowoltaiczny Huawei SUN2000-50KTL-M0"},"content":{"rendered":"<div class=\"mpof_ki myre_zn myre_8v_l m389_6m_l\">\n<div class=\"mp4t_16_s mryx_16_s mr3m_1 mli2_1 mh85_56 mh85_0_l\">\n<div class=\"mgn2_16 _0d3bd_am0a-\">\n<p>Falownik\u00a0<b>Huawei<\/b>\u00a0z serii\u00a0<b>SUN2000<\/b>\u00a0jest przystosowany do pracy z sieci\u0105 tr\u00f3jfazow\u0105.<b><\/b><b><\/b><b><\/b><\/p>\n<p>Solidna konstrukcja i najwy\u017cszej jako\u015bci komponenty sprawiaj\u0105, \u017ce\u00a0<b>Huawei SUN2000-50KTL-M0<\/b>\u00a0to synonim niezawodno\u015bci. Falownik ten zosta\u0142 zaprojektowany z my\u015bl\u0105 o d\u0142ugotrwa\u0142ym i bezawaryjnym dzia\u0142aniu.<\/p>\n<p><b>Huawei SUN2000-50KTL-M0<\/b>\u00a0to nie tylko falownik \u2013 to inteligentne centrum zarz\u0105dzania energi\u0105. Za pomoc\u0105 zaawansowanych funkcji monitoringu online i mo\u017cliwo\u015bci zdalnego sterowania, masz pe\u0142n\u0105 kontrol\u0119 nad swoim systemem fotowoltaicznym.<\/p>\n<\/div>\n<\/div>\n<\/div>\n<div class=\"mpof_ki myre_zn myre_8v_l m389_6m_l\">\n<div class=\"mp4t_16_s mryx_16_s mr3m_1 mli2_1 mh85_56 mh85_0_l\">\n<div class=\"mgn2_16 _0d3bd_am0a-\">\n<p><b>WEJ\u015aCIE<\/b><\/p>\n<ul>\n<li>Moc maksymalna modu\u0142\u00f3w PV &#8211; 1100 V<\/li>\n<li>Maksymalny pr\u0105d przez MPPT &#8211; 22 A<\/li>\n<li>Maksymalny pr\u0105d zwarciowy na MPPT &#8211; 30 A<\/li>\n<li>Napi\u0119cie rozruchowe &#8211; 200 V<\/li>\n<li>Zakres napi\u0119cia roboczego MPPT &#8211; 200 V ~ 1000 V<\/li>\n<li>Napi\u0119cie wej\u015bciowe znamionowe &#8211; 600 V<\/li>\n<li>Ilo\u015b\u0107 maksymalna wej\u015b\u0107 &#8211; 12<\/li>\n<li>Ilo\u015b\u0107 tracker\u00f3w MPP &#8211; 6<\/li>\n<\/ul>\n<\/div>\n<\/div>\n<\/div>\n<div class=\"mpof_ki myre_zn myre_8v_l m389_6m_l\">\n<div class=\"mp4t_16_s mryx_16_s mr3m_1 mli2_1 mh85_56 mh85_0_l\">\n<div class=\"mgn2_16 _0d3bd_am0a-\">\n<p><b>WYJ\u015aCIE<\/b><\/p>\n<ul>\n<li>Moc wyj\u015bciowa znamionowa &#8211; 50000 W<\/li>\n<li>Moc pozorna maksymalna &#8211; 55000 VA<\/li>\n<li>Maksymalna moc czynna pr\u0105du przemiennego &#8211; 55000 W<\/li>\n<li>Znamionowe napi\u0119cie wyj\u015bciowe &#8211; 220 V \/ 230 V, default 3W + N + PE; 380 V \/ 400 V, 3W + PE<\/li>\n<li>Znamionowa cz\u0119stotliwo\u015b\u0107 sieci AC &#8211; 50 Hz \/ 60 Hz<\/li>\n<\/ul>\n<\/div>\n<\/div>\n<\/div>\n<div class=\"mpof_ki myre_zn myre_8v_l m389_6m_l\">\n<div class=\"mp4t_16_s mryx_16_s mr3m_1 mli2_1 mh85_56 mh85_0_l\">\n<div class=\"mgn2_16 _0d3bd_am0a-\">\n<p><b>DANE OG\u00d3LNE<\/b><\/p>\n<ul>\n<li>Wymiary &#8211; 1075 x 555 x 300 mm<\/li>\n<li>Ci\u0119\u017car z uchwytem monta\u017cowym &#8211; 74 kg<\/li>\n<li>Klasa ochrony &#8211; IP65<\/li>\n<li>Topologia &#8211; Bez transformatora<\/li>\n<\/ul>\n<\/div>\n<\/div>\n<\/div>\n<div class=\"mpof_ki myre_zn myre_8v_l m389_6m_l\">\n<div class=\"mp4t_16_s mryx_16_s mr3m_1 mli2_1 mh85_56 mh85_0_l\">\n<div class=\"mgn2_16 _0d3bd_am0a-\">\n<p><b>WYDAJNO\u015a\u0106<\/b><\/p>\n<ul>\n<li>Wydajno\u015b\u0107 maksymalna &#8211; 98,7 %<\/li>\n<li>Europejska sprawno\u015b\u0107 wa\u017cona &#8211; 98,5 %<\/li>\n<\/ul>\n<\/div>\n<\/div>\n<\/div>\n<div class=\"mpof_ki myre_zn myre_8v_l m389_6m_l\">\n<div class=\"mp4t_16_s mryx_16_s mr3m_1 mli2_1 mh85_56 mh85_0_l\">\n<div class=\"mg9e_8 mj7a_8 mg9e_0_s mvrt_0_s mj7a_0_s mh36_0_s mzmg_6m munh_16_l m3h2_16_l\">\n<div class=\"mp4t_0 mryx_0 munh_56 m3h2_56\">\n<div class=\"mp7g_oh\"><\/div>\n<\/div>\n<\/div>\n<\/div>\n<\/div>\n","protected":false},"excerpt":{"rendered":"<p>Falownik\u00a0Huawei\u00a0z serii\u00a0SUN2000\u00a0jest przystosowany do pracy z sieci\u0105 tr\u00f3jfazow\u0105. Solidna konstrukcja i najwy\u017cszej jako\u015bci komponenty sprawiaj\u0105, \u017ce\u00a0Huawei SUN2000-50KTL-M0\u00a0to synonim niezawodno\u015bci. Falownik ten zosta\u0142 zaprojektowany z my\u015bl\u0105 o d\u0142ugotrwa\u0142ym i bezawaryjnym dzia\u0142aniu. Huawei SUN2000-50KTL-M0\u00a0to nie tylko falownik \u2013 to inteligentne centrum zarz\u0105dzania energi\u0105. Za pomoc\u0105 zaawansowanych funkcji monitoringu online i mo\u017cliwo\u015bci zdalnego sterowania, masz pe\u0142n\u0105 kontrol\u0119 nad [&hellip;]<\/p>\n","protected":false},"featured_media":761,"comment_status":"closed","ping_status":"closed","template":"","meta":[],"product_brand":[21],"product_cat":[19],"product_tag":[],"class_list":{"0":"post-760","1":"product","2":"type-product","3":"status-publish","4":"has-post-thumbnail","6":"product_brand-huawei","7":"product_cat-inwerter","9":"first","10":"instock","11":"taxable","12":"shipping-taxable","13":"purchasable","14":"product-type-simple"},"jetpack_sharing_enabled":true,"_links":{"self":[{"href":"https:\/\/westcore.pl\/index.php\/wp-json\/wp\/v2\/product\/760","targetHints":{"allow":["GET"]}}],"collection":[{"href":"https:\/\/westcore.pl\/index.php\/wp-json\/wp\/v2\/product"}],"about":[{"href":"https:\/\/westcore.pl\/index.php\/wp-json\/wp\/v2\/types\/product"}],"replies":[{"embeddable":true,"href":"https:\/\/westcore.pl\/index.php\/wp-json\/wp\/v2\/comments?post=760"}],"wp:featuredmedia":[{"embeddable":true,"href":"https:\/\/westcore.pl\/index.php\/wp-json\/wp\/v2\/media\/761"}],"wp:attachment":[{"href":"https:\/\/westcore.pl\/index.php\/wp-json\/wp\/v2\/media?parent=760"}],"wp:term":[{"taxonomy":"product_brand","embeddable":true,"href":"https:\/\/westcore.pl\/index.php\/wp-json\/wp\/v2\/product_brand?post=760"},{"taxonomy":"product_cat","embeddable":true,"href":"https:\/\/westcore.pl\/index.php\/wp-json\/wp\/v2\/product_cat?post=760"},{"taxonomy":"product_tag","embeddable":true,"href":"https:\/\/westcore.pl\/index.php\/wp-json\/wp\/v2\/product_tag?post=760"}],"curies":[{"name":"wp","href":"https:\/\/api.w.org\/{rel}","templated":true}]}}