{"id":756,"date":"2026-04-15T14:53:40","date_gmt":"2026-04-15T12:53:40","guid":{"rendered":"https:\/\/westcore.pl\/?post_type=product&#038;p=756"},"modified":"2026-04-15T15:53:10","modified_gmt":"2026-04-15T13:53:10","slug":"falownik-sungrow-sg40cx-v112","status":"publish","type":"product","link":"https:\/\/westcore.pl\/index.php\/produkt\/falownik-sungrow-sg40cx-v112\/","title":{"rendered":"Falownik Sungrow SG40CX-V112"},"content":{"rendered":"<p><b>Specyfikacja produktu:<\/b><\/p>\n<ul>\n<li>System magazynowania: NA<\/li>\n<li>Moc nominalna: 40000 VA<\/li>\n<li>Topologia: trafolos<\/li>\n<li>Liczba MPPT: 4 Sztuki<\/li>\n<li>MPP napi\u0119cie min.: 200.0 Volt<\/li>\n<li>MPP napi\u0119cie max.: 1000.0 Volt<\/li>\n<li>Po\u0142\u0105czenie DC: Klemme<\/li>\n<li>Typ sieci: 3-fazowy<\/li>\n<li>Wymiary: L: 310 mm B: 782 mm H: 645 mm<\/li>\n<li>Waga: 58 kg<\/li>\n<\/ul>\n","protected":false},"excerpt":{"rendered":"<p>Specyfikacja produktu: System magazynowania: NA Moc nominalna: 40000 VA Topologia: trafolos Liczba MPPT: 4 Sztuki MPP napi\u0119cie min.: 200.0 Volt MPP napi\u0119cie max.: 1000.0 Volt Po\u0142\u0105czenie DC: Klemme Typ sieci: 3-fazowy Wymiary: L: 310 mm B: 782 mm H: 645 mm Waga: 58 kg<\/p>\n","protected":false},"featured_media":757,"comment_status":"closed","ping_status":"closed","template":"","meta":[],"product_brand":[22],"product_cat":[19],"product_tag":[],"class_list":{"0":"post-756","1":"product","2":"type-product","3":"status-publish","4":"has-post-thumbnail","6":"product_brand-sungrow","7":"product_cat-inwerter","9":"first","10":"instock","11":"taxable","12":"shipping-taxable","13":"purchasable","14":"product-type-simple"},"jetpack_sharing_enabled":true,"_links":{"self":[{"href":"https:\/\/westcore.pl\/index.php\/wp-json\/wp\/v2\/product\/756","targetHints":{"allow":["GET"]}}],"collection":[{"href":"https:\/\/westcore.pl\/index.php\/wp-json\/wp\/v2\/product"}],"about":[{"href":"https:\/\/westcore.pl\/index.php\/wp-json\/wp\/v2\/types\/product"}],"replies":[{"embeddable":true,"href":"https:\/\/westcore.pl\/index.php\/wp-json\/wp\/v2\/comments?post=756"}],"wp:featuredmedia":[{"embeddable":true,"href":"https:\/\/westcore.pl\/index.php\/wp-json\/wp\/v2\/media\/757"}],"wp:attachment":[{"href":"https:\/\/westcore.pl\/index.php\/wp-json\/wp\/v2\/media?parent=756"}],"wp:term":[{"taxonomy":"product_brand","embeddable":true,"href":"https:\/\/westcore.pl\/index.php\/wp-json\/wp\/v2\/product_brand?post=756"},{"taxonomy":"product_cat","embeddable":true,"href":"https:\/\/westcore.pl\/index.php\/wp-json\/wp\/v2\/product_cat?post=756"},{"taxonomy":"product_tag","embeddable":true,"href":"https:\/\/westcore.pl\/index.php\/wp-json\/wp\/v2\/product_tag?post=756"}],"curies":[{"name":"wp","href":"https:\/\/api.w.org\/{rel}","templated":true}]}}