{"id":753,"date":"2026-04-15T09:24:26","date_gmt":"2026-04-15T07:24:26","guid":{"rendered":"https:\/\/westcore.pl\/?post_type=product&#038;p=753"},"modified":"2026-04-15T09:24:26","modified_gmt":"2026-04-15T07:24:26","slug":"inwerter-sungrow-sg250hx","status":"publish","type":"product","link":"https:\/\/westcore.pl\/index.php\/produkt\/inwerter-sungrow-sg250hx\/","title":{"rendered":"Inwerter Sungrow SG250HX"},"content":{"rendered":"<p>WYSOKA WYDAJNO\u015a\u0106<\/p>\n<p>12 system\u00f3w \u015bledzenia punktu mocy maksymalnej (MPPT) o maks. wydajno\u015bci 99%<\/p>\n<p>Kompatybilno\u015b\u0107 z modu\u0142ami dwustronnymi<\/p>\n<p>Wbudowana funkcja redukcji efektu PID (degradacja indukowanym napi\u0119ciem) i przywr\u00f3cenia prawid\u0142owego dzia\u0142ania po jego wyst\u0105pieniu<\/p>\n<p>INTELIGENTNA OBS\u0141UGA I KONSERWACJA<\/p>\n<p>Bezdotykowy rozruch i zdalna aktualizacja oprogramowania sprz\u0119towego<\/p>\n<p>Zdalne skanowanie i diagnostyka krzywej IV<\/p>\n<p>Bezbezpiecznikowa konstrukcja z inteligentnym monitorowaniem pr\u0105du modu\u0142\u00f3w po\u0142\u0105czonych szeregowo<\/p>\n<p>NISKI KOSZT<\/p>\n<p>Przystosowany do pod\u0142\u0105czenia aluminiowych i miedzianych przewod\u00f3w AC<\/p>\n<p>Obs\u0142uga dw\u00f3ch niezale\u017cnych wej\u015b\u0107 DC<\/p>\n<p>Komunikacja za po\u015brednictwem linii energetycznej (PLC)<\/p>\n<p>Przystosowany do funkcji \u201eMocy biernej w nocy\u201d<\/p>\n<p>SPRAWDZONE BEZPIECZE\u0143STWO<\/p>\n<p>Stopie\u0144 ochrony IP66 i C5<\/p>\n<p>Zabezpieczenie przeciwprzepi\u0119ciowe (SPD) typu II zar\u00f3wno dla pr\u0105du sta\u0142ego, jak i przemiennego<\/p>\n<p>Zgodno\u015b\u0107 z mi\u0119dzynarodowymi normami bezpiecze\u0144stwa i IRiESD<\/p>\n","protected":false},"excerpt":{"rendered":"<p>WYSOKA WYDAJNO\u015a\u0106 12 system\u00f3w \u015bledzenia punktu mocy maksymalnej (MPPT) o maks. wydajno\u015bci 99% Kompatybilno\u015b\u0107 z modu\u0142ami dwustronnymi Wbudowana funkcja redukcji efektu PID (degradacja indukowanym napi\u0119ciem) i przywr\u00f3cenia prawid\u0142owego dzia\u0142ania po jego wyst\u0105pieniu INTELIGENTNA OBS\u0141UGA I KONSERWACJA Bezdotykowy rozruch i zdalna aktualizacja oprogramowania sprz\u0119towego Zdalne skanowanie i diagnostyka krzywej IV Bezbezpiecznikowa konstrukcja z inteligentnym monitorowaniem pr\u0105du [&hellip;]<\/p>\n","protected":false},"featured_media":754,"comment_status":"closed","ping_status":"closed","template":"","meta":[],"product_brand":[],"product_cat":[18],"product_tag":[],"class_list":{"0":"post-753","1":"product","2":"type-product","3":"status-publish","4":"has-post-thumbnail","6":"product_cat-bez-kategorii","8":"first","9":"instock","10":"taxable","11":"shipping-taxable","12":"purchasable","13":"product-type-simple"},"jetpack_sharing_enabled":true,"_links":{"self":[{"href":"https:\/\/westcore.pl\/index.php\/wp-json\/wp\/v2\/product\/753","targetHints":{"allow":["GET"]}}],"collection":[{"href":"https:\/\/westcore.pl\/index.php\/wp-json\/wp\/v2\/product"}],"about":[{"href":"https:\/\/westcore.pl\/index.php\/wp-json\/wp\/v2\/types\/product"}],"replies":[{"embeddable":true,"href":"https:\/\/westcore.pl\/index.php\/wp-json\/wp\/v2\/comments?post=753"}],"wp:featuredmedia":[{"embeddable":true,"href":"https:\/\/westcore.pl\/index.php\/wp-json\/wp\/v2\/media\/754"}],"wp:attachment":[{"href":"https:\/\/westcore.pl\/index.php\/wp-json\/wp\/v2\/media?parent=753"}],"wp:term":[{"taxonomy":"product_brand","embeddable":true,"href":"https:\/\/westcore.pl\/index.php\/wp-json\/wp\/v2\/product_brand?post=753"},{"taxonomy":"product_cat","embeddable":true,"href":"https:\/\/westcore.pl\/index.php\/wp-json\/wp\/v2\/product_cat?post=753"},{"taxonomy":"product_tag","embeddable":true,"href":"https:\/\/westcore.pl\/index.php\/wp-json\/wp\/v2\/product_tag?post=753"}],"curies":[{"name":"wp","href":"https:\/\/api.w.org\/{rel}","templated":true}]}}