{"id":750,"date":"2026-04-09T20:21:49","date_gmt":"2026-04-09T18:21:49","guid":{"rendered":"https:\/\/westcore.pl\/?post_type=product&#038;p=750"},"modified":"2026-04-09T20:21:49","modified_gmt":"2026-04-09T18:21:49","slug":"inwerter-fotowoltaiczny-goodwe-gw10kn-et-plus-hybrydowy-10000-w-16-a","status":"publish","type":"product","link":"https:\/\/westcore.pl\/index.php\/produkt\/inwerter-fotowoltaiczny-goodwe-gw10kn-et-plus-hybrydowy-10000-w-16-a\/","title":{"rendered":"Inwerter fotowoltaiczny GoodWe GW10KN-ET PLUS+ hybrydowy 10000 W 16 A"},"content":{"rendered":"<div class=\"mpof_ki myre_zn myre_8v_l m389_6m_l\">\n<div class=\"mp4t_16_s mryx_16_s mr3m_1 mli2_1 mh85_56 mh85_0_l\">\n<div class=\"mgn2_16 _0d3bd_am0a-\">\n<h2>Inwerter Goodwe GW10KN-ET PLUS+ (16A)<\/h2>\n<p>Inwerter hybrydowy GoodWe z serii ET Plus 16A doskonale nadaje si\u0119 do sektora mieszkaniowego. Dzi\u0119ki wysokiemu pr\u0105dowi wej\u015bciowemu 16A jest kompatybilny z nowoczesnymi modu\u0142ami du\u017cej mocy. Falownik posiada zintegrowane urz\u0105dzenie prze\u0142\u0105czaj\u0105ce dla zasilania awaryjnego. Oznacza to, \u017ce w przypadku awarii sieci wybrani odbiorcy mog\u0105 nadal otrzymywa\u0107 zasilanie awaryjne.<\/p>\n<\/div>\n<\/div>\n<\/div>\n<div class=\"mpof_ki myre_zn myre_8v_l m389_6m_l\">\n<div class=\"mp4t_16_s mryx_16_s mr3m_1 mli2_1 mh85_56 mh85_0_l\">\n<div class=\"mgn2_16 _0d3bd_am0a-\">\n<p><b>PARAMETRY TECHNICZNE:<\/b><\/p>\n<ul>\n<li>Pod\u0142\u0105czenie do sieci:\u00a0<b>3 fazy<\/b><\/li>\n<li>Uk\u0142ad nad\u0105\u017cny MPP:\u00a0<b>2<\/b><\/li>\n<li>Po\u0142\u0105czenia kablowe na MPPT:\u00a0<b>1<\/b><\/li>\n<li>Max. pr\u0105d wej\u015bciowy:\u00a0<b>16 A<\/b><\/li>\n<li>Max. pr\u0105d zwarciowy:\u00a0<b>21,2 A<\/b><\/li>\n<li>Pod\u0142\u0105czenie baterii do akumulatora wysokiego napi\u0119cia (BYD, GoodWe, LG)<\/li>\n<li>Komunikacja:\u00a0<b>RS485, CAN<\/b><\/li>\n<li>Dost\u0119pny styk bezpotencja\u0142owy (programowany za pomoc\u0105 aplikacji SolarGo-App) (SG-Ready)<\/li>\n<li>Zaciski wtykowe dla interfejs\u00f3w komunikacyjnych u\u0142atwiaj\u0105 instalacj\u0119<\/li>\n<li>Modu\u0142 WiFi w zestawie<\/li>\n<li>Wymiary:\u00a0<b>516 x 415 x 180\u00a0<\/b>mm (wys. x szer. x g\u0142.)<\/li>\n<li>Stopie\u0144 ochrony:\u00a0<b>IP66<\/b><\/li>\n<li>Waga:\u00a0<b>24,0 kg<\/b><\/li>\n<\/ul>\n<\/div>\n<\/div>\n<\/div>\n","protected":false},"excerpt":{"rendered":"<p>Inwerter Goodwe GW10KN-ET PLUS+ (16A) Inwerter hybrydowy GoodWe z serii ET Plus 16A doskonale nadaje si\u0119 do sektora mieszkaniowego. Dzi\u0119ki wysokiemu pr\u0105dowi wej\u015bciowemu 16A jest kompatybilny z nowoczesnymi modu\u0142ami du\u017cej mocy. Falownik posiada zintegrowane urz\u0105dzenie prze\u0142\u0105czaj\u0105ce dla zasilania awaryjnego. Oznacza to, \u017ce w przypadku awarii sieci wybrani odbiorcy mog\u0105 nadal otrzymywa\u0107 zasilanie awaryjne. PARAMETRY TECHNICZNE: [&hellip;]<\/p>\n","protected":false},"featured_media":751,"comment_status":"closed","ping_status":"closed","template":"","meta":[],"product_brand":[],"product_cat":[18],"product_tag":[],"class_list":{"0":"post-750","1":"product","2":"type-product","3":"status-publish","4":"has-post-thumbnail","6":"product_cat-bez-kategorii","8":"first","9":"instock","10":"taxable","11":"shipping-taxable","12":"purchasable","13":"product-type-simple"},"jetpack_sharing_enabled":true,"_links":{"self":[{"href":"https:\/\/westcore.pl\/index.php\/wp-json\/wp\/v2\/product\/750","targetHints":{"allow":["GET"]}}],"collection":[{"href":"https:\/\/westcore.pl\/index.php\/wp-json\/wp\/v2\/product"}],"about":[{"href":"https:\/\/westcore.pl\/index.php\/wp-json\/wp\/v2\/types\/product"}],"replies":[{"embeddable":true,"href":"https:\/\/westcore.pl\/index.php\/wp-json\/wp\/v2\/comments?post=750"}],"wp:featuredmedia":[{"embeddable":true,"href":"https:\/\/westcore.pl\/index.php\/wp-json\/wp\/v2\/media\/751"}],"wp:attachment":[{"href":"https:\/\/westcore.pl\/index.php\/wp-json\/wp\/v2\/media?parent=750"}],"wp:term":[{"taxonomy":"product_brand","embeddable":true,"href":"https:\/\/westcore.pl\/index.php\/wp-json\/wp\/v2\/product_brand?post=750"},{"taxonomy":"product_cat","embeddable":true,"href":"https:\/\/westcore.pl\/index.php\/wp-json\/wp\/v2\/product_cat?post=750"},{"taxonomy":"product_tag","embeddable":true,"href":"https:\/\/westcore.pl\/index.php\/wp-json\/wp\/v2\/product_tag?post=750"}],"curies":[{"name":"wp","href":"https:\/\/api.w.org\/{rel}","templated":true}]}}