{"id":748,"date":"2026-04-09T19:56:51","date_gmt":"2026-04-09T17:56:51","guid":{"rendered":"https:\/\/westcore.pl\/?post_type=product&#038;p=748"},"modified":"2026-04-09T19:56:51","modified_gmt":"2026-04-09T17:56:51","slug":"magazyn-energii-dyness-tower-t17-1776kwh","status":"publish","type":"product","link":"https:\/\/westcore.pl\/index.php\/produkt\/magazyn-energii-dyness-tower-t17-1776kwh\/","title":{"rendered":"Magazyn energii Dyness Tower T17 (17,76kWh)"},"content":{"rendered":"<p>Oparty na bezpiecznej i trwa\u0142ej technologii litowo-\u017celazowo-fosforanowej (LiFePO4), system ten pozwala na optymalne zarz\u0105dzanie wyprodukowan\u0105 energi\u0105, zwi\u0119kszaj\u0105c autokonsumpcj\u0119 i zapewniaj\u0105c niezale\u017cno\u015b\u0107 energetyczn\u0105. Dzi\u0119ki modu\u0142owej konstrukcji, pojemno\u015b\u0107 systemu mo\u017ce by\u0107 precyzyjnie dostosowana do indywidualnych potrzeb.Modu\u0142owa konstrukcja \u2013 skalowalno\u015b\u0107 dopasowana do potrzeb:System Dyness Tower charakteryzuje si\u0119 modu\u0142ow\u0105 budow\u0105, co pozwala na elastyczn\u0105 konfiguracj\u0119 pojemno\u015bci. Pojemno\u015b\u0107 systemu mo\u017ce by\u0107 rozbudowywana w zakresie od 7,1 kWh do 21,3 kWh poprzez \u0142\u0105czenie odpowiedniej liczby modu\u0142\u00f3w bateryjnych (np. od jednego modu\u0142u T7 o pojemno\u015bci 7,1 kWh, a\u017c do konfiguracji T21 sk\u0142adaj\u0105cej si\u0119 z trzech takich modu\u0142\u00f3w). Umo\u017cliwia to idealne dopasowanie magazynu energii do bie\u017c\u0105cego i przysz\u0142ego zapotrzebowania na energi\u0119.Technologia LiFePO4 \u2013 bezpiecze\u0144stwo i d\u0142uga \u017cywotno\u015b\u0107:Dyness Tower wykorzystuje ogniwa LiFePO4 (litowo-\u017celazowo-fosforanowe), uznawane za jedn\u0105 z najbezpieczniejszych i najtrwalszych technologii litowo-jonowych. Zapewniaj\u0105 one wysok\u0105 stabilno\u015b\u0107 termiczn\u0105, minimalne ryzyko zap\u0142onu oraz brak toksycznych metali ci\u0119\u017ckich. Kluczow\u0105 zalet\u0105 jest wyj\u0105tkowo d\u0142uga \u017cywotno\u015b\u0107, gwarantuj\u0105ca ponad 6000 cykli pracy przy g\u0142\u0119boko\u015bci roz\u0142adowania (DoD) na poziomie 90%, co przek\u0142ada si\u0119 na wiele lat niezawodnej eksploatacji.Wysoka sprawno\u015b\u0107 energetyczna \u2013 minimalizacja strat:Magazyn energii Dyness Tower cechuje si\u0119 wysok\u0105 efektywno\u015bci\u0105 \u0142adowania i roz\u0142adowania, wynosz\u0105c\u0105 ponad 95%. Oznacza to, \u017ce straty energii podczas procesu magazynowania i jej p\u00f3\u017aniejszego wykorzystania s\u0105 zminimalizowane, co przek\u0142ada si\u0119 na wi\u0119ksz\u0105 ilo\u015b\u0107 u\u017cytecznej energii dost\u0119pnej dla u\u017cytkownika.Moc i kompatybilno\u015b\u0107 \u2013 elastyczno\u015b\u0107 integracji:System Dyness Tower oferuje mo\u017cliwo\u015b\u0107 dostosowania mocy wyj\u015bciowej do potrzeb konkretnej instalacji i jest kompatybilny z szerok\u0105 gam\u0105 popularnych falownik\u00f3w dost\u0119pnych na rynku.<\/p>\n","protected":false},"excerpt":{"rendered":"<p>Oparty na bezpiecznej i trwa\u0142ej technologii litowo-\u017celazowo-fosforanowej (LiFePO4), system ten pozwala na optymalne zarz\u0105dzanie wyprodukowan\u0105 energi\u0105, zwi\u0119kszaj\u0105c autokonsumpcj\u0119 i zapewniaj\u0105c niezale\u017cno\u015b\u0107 energetyczn\u0105. Dzi\u0119ki modu\u0142owej konstrukcji, pojemno\u015b\u0107 systemu mo\u017ce by\u0107 precyzyjnie dostosowana do indywidualnych potrzeb.Modu\u0142owa konstrukcja \u2013 skalowalno\u015b\u0107 dopasowana do potrzeb:System Dyness Tower charakteryzuje si\u0119 modu\u0142ow\u0105 budow\u0105, co pozwala na elastyczn\u0105 konfiguracj\u0119 pojemno\u015bci. Pojemno\u015b\u0107 systemu mo\u017ce [&hellip;]<\/p>\n","protected":false},"featured_media":749,"comment_status":"closed","ping_status":"closed","template":"","meta":[],"product_brand":[],"product_cat":[18],"product_tag":[],"class_list":{"0":"post-748","1":"product","2":"type-product","3":"status-publish","4":"has-post-thumbnail","6":"product_cat-bez-kategorii","8":"first","9":"instock","10":"taxable","11":"shipping-taxable","12":"purchasable","13":"product-type-simple"},"jetpack_sharing_enabled":true,"_links":{"self":[{"href":"https:\/\/westcore.pl\/index.php\/wp-json\/wp\/v2\/product\/748","targetHints":{"allow":["GET"]}}],"collection":[{"href":"https:\/\/westcore.pl\/index.php\/wp-json\/wp\/v2\/product"}],"about":[{"href":"https:\/\/westcore.pl\/index.php\/wp-json\/wp\/v2\/types\/product"}],"replies":[{"embeddable":true,"href":"https:\/\/westcore.pl\/index.php\/wp-json\/wp\/v2\/comments?post=748"}],"wp:featuredmedia":[{"embeddable":true,"href":"https:\/\/westcore.pl\/index.php\/wp-json\/wp\/v2\/media\/749"}],"wp:attachment":[{"href":"https:\/\/westcore.pl\/index.php\/wp-json\/wp\/v2\/media?parent=748"}],"wp:term":[{"taxonomy":"product_brand","embeddable":true,"href":"https:\/\/westcore.pl\/index.php\/wp-json\/wp\/v2\/product_brand?post=748"},{"taxonomy":"product_cat","embeddable":true,"href":"https:\/\/westcore.pl\/index.php\/wp-json\/wp\/v2\/product_cat?post=748"},{"taxonomy":"product_tag","embeddable":true,"href":"https:\/\/westcore.pl\/index.php\/wp-json\/wp\/v2\/product_tag?post=748"}],"curies":[{"name":"wp","href":"https:\/\/api.w.org\/{rel}","templated":true}]}}